{"id":13768,"date":"2022-08-02T14:20:22","date_gmt":"2022-08-02T14:20:22","guid":{"rendered":"https:\/\/www.braunwagner.de\/?page_id=13768"},"modified":"2022-08-02T14:33:05","modified_gmt":"2022-08-02T14:33:05","slug":"projekte-volkswagen","status":"publish","type":"page","link":"https:\/\/www.braunwagner.de\/en\/projekte-volkswagen\/","title":{"rendered":"Projekte f\u00fcr Volkswagen"},"content":{"rendered":"<div id=\"cs-content\" class=\"cs-content\" >\n<div class=\"e13768-1 x-section firstSection\" >\n      \n<div class=\"e13768-2 x-container\" >\n    \n<div class=\"e13768-3 x-column x-sm x-1-1\" >\n    \n<div class=\"e13768-4 x-text x-text-headline\" >\n  <div class=\"x-text-content\"><div class=\"x-text-content-text\"><h1 class=\"x-text-content-text-primary\">Volkswagen<\/h1><\/div><\/div><\/div>\n<\/div>\n<\/div>\n\n<div class=\"e13768-5 x-container pc\" >\n  \n<div class=\"x-bg\" aria-hidden=\"true\" >\n  <div class=\"x-bg-layer-lower-image\" data-x-element=\"bg_layer\" data-x-params=\"{&quot;parallaxSize&quot;:&quot;150%&quot;,&quot;parallaxDir&quot;:&quot;h&quot;,&quot;parallaxRev&quot;:true}\" style=\" background-image: url(https:\/\/www.braunwagner.de\/wp-content\/uploads\/2022\/06\/Braunwagner_VW_Volkswagen_Moskau_2010_pc_01.jpg); background-repeat: no-repeat; background-position: center; background-size: contain;\" ><\/div>  <\/div>\n  \n<div class=\"e13768-6 x-column x-sm x-1-1 abdunklng\" >\n    \n<div class=\"e13768-7 x-bar-content-area portfoliohead\" >\n  <a href=\"https:\/\/www.braunwagner.de\/en\/work\/volkswagen-moscow-international-auto-show-2010\">\n<div style=\"width: 100%; height: 500px;\">\n<h2 style=\"text-transform: uppercase; margin-top: 0!important; padding-top: 0.5em;\">\nStability and Dynamic\n<\/h2>\n<p style=\"font-size: 1.5em;\">\nMoscow International Auto Show 2010\n<\/p>\n\n<\/div><\/a><\/div>\n<\/div>\n<\/div>\n\n<div class=\"e13768-8 x-container pc\" >\n  \n<div class=\"x-bg\" aria-hidden=\"true\" >\n  <div class=\"x-bg-layer-lower-image\" data-x-element=\"bg_layer\" data-x-params=\"{&quot;parallaxSize&quot;:&quot;150%&quot;,&quot;parallaxDir&quot;:&quot;h&quot;,&quot;parallaxRev&quot;:false}\" style=\" background-image: url(https:\/\/www.braunwagner.de\/wp-content\/uploads\/2019\/05\/Braunwagner_Volkswagen_Golf-GTI-Treffen_2011-2015_11_pc.jpg); background-repeat: no-repeat; background-position: center; background-size: contain;\" ><\/div>  <\/div>\n  \n<div class=\"e13768-9 x-column x-sm x-1-1 abdunklng\" >\n    \n<div class=\"e13768-10 x-bar-content-area portfoliohead\" >\n  <a href=\"https:\/\/www.braunwagner.de\/en\/work\/volkswagen-golf-gti-convention_woerthersee_2011-2015\/\">\n<div style=\"width: 100%; height: 500px;\">\n<h2 style=\"text-transform: uppercase; margin-top: 0!important; padding-top: 0.5em;\">Vastness, straightness and freedom<\/h2>\n<p style=\"font-size: 1.5em;\">Golf GTI Meeting Woerthersee 2011&ndash;2015<\/p>\n<\/div><\/a><\/div>\n<\/div>\n<\/div>\n\n<div class=\"e13768-11 x-container pc\" >\n  \n<div class=\"x-bg\" aria-hidden=\"true\" >\n  <div class=\"x-bg-layer-lower-image\" data-x-element=\"bg_layer\" data-x-params=\"{&quot;parallaxSize&quot;:&quot;150%&quot;,&quot;parallaxDir&quot;:&quot;h&quot;,&quot;parallaxRev&quot;:true}\" style=\" background-image: url(https:\/\/www.braunwagner.de\/wp-content\/uploads\/2022\/06\/Braunwagner_VW_Volkswagen_Tokyo_2011_pc_01.jpg); background-repeat: no-repeat; background-position: center; background-size: contain;\" ><\/div>  <\/div>\n  \n<div class=\"e13768-12 x-column x-sm x-1-1 abdunklng\" >\n    \n<div class=\"e13768-13 x-bar-content-area portfoliohead\" >\n  <a href=\" https:\/\/www.braunwagner.de\/en\/work\/volkswagen-tokio-international-auto-show-2011\/\">\n<div style=\"width: 100%; height: 500px;\">\n<h2 style=\"text-transform: uppercase; margin-top: 0!important; padding-top: 0.5em;\">Stability and dynamic<\/h2>\n<p style=\"font-size: 1.5em;\">Motor Show Tokio 2011<\/p>\n<\/div><\/a><\/div>\n<\/div>\n<\/div>\n\n<div class=\"e13768-14 x-container\" >\n    \n<div class=\"e13768-15 x-column x-sm x-1-1\" >\n    \n<div class=\"e13768-16 x-text katp\" >\n  <div class=\"e13307-14 x-text katp\">\n<p>Projekthistory<\/p>\n<\/div><\/div>\n\n<div class=\"e13768-17 x-text\" >\n  <p>2011&ndash;2015<br \/>Golf GTI Meeting Woerthersee<\/p>\n<p>2011<br \/>Motor Show Tokio<\/p>\n<p>2010<br \/>Moscow International Auto Show<\/p><\/div>\n<\/div>\n<\/div>\n\n<div class=\"e13768-18 x-row x-container max width\" >\n  <div class=\"x-row-inner\">\n    \n<div class=\"e13768-19 x-col\" >\n    \n<hr class=\"e13768-20 x-line\" >\n\n<a class=\"e13768-21 x-anchor x-anchor-button backtocustomers\" tabindex=\"0\" href=\"https:\/\/www.braunwagner.de\/#kunden\" >\n\n  \n  <div class=\"x-anchor-content\">\n    \n<span class=\"x-graphic\" aria-hidden=\"true\" >\n\n  \n<i class=\"x-icon x-graphic-icon x-graphic-primary\" aria-hidden=\"true\" data-x-icon-s=\"&#xf060;\" ><\/i>\n\n<\/span>\n    <div class=\"x-anchor-text\"><span class=\"x-anchor-text-primary\" >Back to client overview<\/span><\/div>      <\/div>\n\n    \n  \n<\/a>\n\n<hr class=\"e13768-22 x-line\" >\n<\/div>\n  <\/div>\n  <\/div>\n  <\/div>\n<\/div>\n","protected":false},"excerpt":{"rendered":"","protected":false},"author":20,"featured_media":9359,"parent":0,"menu_order":0,"comment_status":"closed","ping_status":"closed","template":"","meta":[],"acf":[],"yoast_head":"<!-- This site is optimized with the Yoast SEO plugin v18.0 - https:\/\/yoast.com\/wordpress\/plugins\/seo\/ -->\n<title>braunwanger &ndash; Projekte f\u00fcr Volkswagen<\/title>\n<meta name=\"description\" content=\"\u00dcbersicht unserer Projekte f\u00fcr Volkswagen: GTI Treffen 2011\u20132015, Moscow International Auto Show 2010 und Motor Show Tokio 2011.\" \/>\n<meta name=\"robots\" content=\"index, follow, max-snippet:-1, max-image-preview:large, max-video-preview:-1\" \/>\n<link rel=\"canonical\" href=\"https:\/\/www.braunwagner.de\/en\/projekte-volkswagen\/\" \/>\n<meta property=\"og:locale\" content=\"en_US\" \/>\n<meta property=\"og:type\" content=\"article\" \/>\n<meta property=\"og:title\" content=\"braunwanger &ndash; Projekte f\u00fcr Volkswagen\" \/>\n<meta property=\"og:description\" content=\"\u00dcbersicht unserer Projekte f\u00fcr Volkswagen: GTI Treffen 2011\u20132015, Moscow International Auto Show 2010 und Motor Show Tokio 2011.\" \/>\n<meta property=\"og:url\" content=\"https:\/\/www.braunwagner.de\/en\/projekte-volkswagen\/\" \/>\n<meta property=\"og:site_name\" content=\"braunwanger\" \/>\n<meta property=\"article:publisher\" content=\"https:\/\/www.facebook.com\/BRAUNWAGNER-GmbH-580622992107775\/\" \/>\n<meta property=\"article:modified_time\" content=\"2022-08-02T14:33:05+00:00\" \/>\n<meta property=\"og:image\" content=\"https:\/\/www.braunwagner.de\/wp-content\/uploads\/2018\/08\/VW.png\" \/>\n\t<meta property=\"og:image:width\" content=\"1096\" \/>\n\t<meta property=\"og:image:height\" content=\"500\" \/>\n\t<meta property=\"og:image:type\" content=\"image\/png\" \/>\n<meta name=\"twitter:card\" content=\"summary_large_image\" \/>\n<meta name=\"twitter:label1\" content=\"Est. reading time\" \/>\n\t<meta name=\"twitter:data1\" content=\"1 minute\" \/>\n<script type=\"application\/ld+json\" class=\"yoast-schema-graph\">{\"@context\":\"https:\/\/schema.org\",\"@graph\":[{\"@type\":\"Organization\",\"@id\":\"https:\/\/www.braunwagner.de\/#organization\",\"name\":\"BRAUNWAGNER GmbH\",\"url\":\"https:\/\/www.braunwagner.de\/\",\"sameAs\":[\"https:\/\/www.facebook.com\/BRAUNWAGNER-GmbH-580622992107775\/\",\"https:\/\/www.instagram.com\/braunwagner_gmbh\/\"],\"logo\":{\"@type\":\"ImageObject\",\"@id\":\"https:\/\/www.braunwagner.de\/#logo\",\"inLanguage\":\"en-US\",\"url\":\"http:\/\/www.braunwagner.de\/wp-content\/uploads\/2017\/10\/BW_Logo_45x45_neg.png\",\"contentUrl\":\"http:\/\/www.braunwagner.de\/wp-content\/uploads\/2017\/10\/BW_Logo_45x45_neg.png\",\"width\":531,\"height\":55,\"caption\":\"BRAUNWAGNER GmbH\"},\"image\":{\"@id\":\"https:\/\/www.braunwagner.de\/#logo\"}},{\"@type\":\"WebSite\",\"@id\":\"https:\/\/www.braunwagner.de\/#website\",\"url\":\"https:\/\/www.braunwagner.de\/\",\"name\":\"BRAUNWAGNER\",\"description\":\"Just another WordPress site\",\"publisher\":{\"@id\":\"https:\/\/www.braunwagner.de\/#organization\"},\"potentialAction\":[{\"@type\":\"SearchAction\",\"target\":{\"@type\":\"EntryPoint\",\"urlTemplate\":\"https:\/\/www.braunwagner.de\/?s={search_term_string}\"},\"query-input\":\"required name=search_term_string\"}],\"inLanguage\":\"en-US\"},{\"@type\":\"ImageObject\",\"@id\":\"https:\/\/www.braunwagner.de\/en\/projekte-volkswagen\/#primaryimage\",\"inLanguage\":\"en-US\",\"url\":\"https:\/\/www.braunwagner.de\/wp-content\/uploads\/2018\/08\/VW.png\",\"contentUrl\":\"https:\/\/www.braunwagner.de\/wp-content\/uploads\/2018\/08\/VW.png\",\"width\":1096,\"height\":500,\"caption\":\"VW\"},{\"@type\":\"WebPage\",\"@id\":\"https:\/\/www.braunwagner.de\/en\/projekte-volkswagen\/#webpage\",\"url\":\"https:\/\/www.braunwagner.de\/en\/projekte-volkswagen\/\",\"name\":\"braunwanger &ndash; Projekte f\u00fcr Volkswagen\",\"isPartOf\":{\"@id\":\"https:\/\/www.braunwagner.de\/#website\"},\"primaryImageOfPage\":{\"@id\":\"https:\/\/www.braunwagner.de\/en\/projekte-volkswagen\/#primaryimage\"},\"datePublished\":\"2022-08-02T14:20:22+00:00\",\"dateModified\":\"2022-08-02T14:33:05+00:00\",\"description\":\"\u00dcbersicht unserer Projekte f\u00fcr Volkswagen: GTI Treffen 2011\u20132015, Moscow International Auto Show 2010 und Motor Show Tokio 2011.\",\"breadcrumb\":{\"@id\":\"https:\/\/www.braunwagner.de\/en\/projekte-volkswagen\/#breadcrumb\"},\"inLanguage\":\"en-US\",\"potentialAction\":[{\"@type\":\"ReadAction\",\"target\":[\"https:\/\/www.braunwagner.de\/en\/projekte-volkswagen\/\"]}]},{\"@type\":\"BreadcrumbList\",\"@id\":\"https:\/\/www.braunwagner.de\/en\/projekte-volkswagen\/#breadcrumb\",\"itemListElement\":[{\"@type\":\"ListItem\",\"position\":1,\"name\":\"Startseite\",\"item\":\"https:\/\/www.braunwagner.de\/en\/\"},{\"@type\":\"ListItem\",\"position\":2,\"name\":\"Projekte f\u00fcr Volkswagen\"}]}]}<\/script>\n<!-- \/ Yoast SEO plugin. -->","yoast_head_json":{"title":"braunwanger &ndash; Projekte f\u00fcr Volkswagen","description":"\u00dcbersicht unserer Projekte f\u00fcr Volkswagen: GTI Treffen 2011\u20132015, Moscow International Auto Show 2010 und Motor Show Tokio 2011.","robots":{"index":"index","follow":"follow","max-snippet":"max-snippet:-1","max-image-preview":"max-image-preview:large","max-video-preview":"max-video-preview:-1"},"canonical":"https:\/\/www.braunwagner.de\/en\/projekte-volkswagen\/","og_locale":"en_US","og_type":"article","og_title":"braunwanger &ndash; Projekte f\u00fcr Volkswagen","og_description":"\u00dcbersicht unserer Projekte f\u00fcr Volkswagen: GTI Treffen 2011\u20132015, Moscow International Auto Show 2010 und Motor Show Tokio 2011.","og_url":"https:\/\/www.braunwagner.de\/en\/projekte-volkswagen\/","og_site_name":"braunwanger","article_publisher":"https:\/\/www.facebook.com\/BRAUNWAGNER-GmbH-580622992107775\/","article_modified_time":"2022-08-02T14:33:05+00:00","og_image":[{"width":1096,"height":500,"url":"https:\/\/www.braunwagner.de\/wp-content\/uploads\/2018\/08\/VW.png","type":"image\/png"}],"twitter_card":"summary_large_image","twitter_misc":{"Est. reading time":"1 minute"},"schema":{"@context":"https:\/\/schema.org","@graph":[{"@type":"Organization","@id":"https:\/\/www.braunwagner.de\/#organization","name":"BRAUNWAGNER GmbH","url":"https:\/\/www.braunwagner.de\/","sameAs":["https:\/\/www.facebook.com\/BRAUNWAGNER-GmbH-580622992107775\/","https:\/\/www.instagram.com\/braunwagner_gmbh\/"],"logo":{"@type":"ImageObject","@id":"https:\/\/www.braunwagner.de\/#logo","inLanguage":"en-US","url":"http:\/\/www.braunwagner.de\/wp-content\/uploads\/2017\/10\/BW_Logo_45x45_neg.png","contentUrl":"http:\/\/www.braunwagner.de\/wp-content\/uploads\/2017\/10\/BW_Logo_45x45_neg.png","width":531,"height":55,"caption":"BRAUNWAGNER GmbH"},"image":{"@id":"https:\/\/www.braunwagner.de\/#logo"}},{"@type":"WebSite","@id":"https:\/\/www.braunwagner.de\/#website","url":"https:\/\/www.braunwagner.de\/","name":"BRAUNWAGNER","description":"Just another WordPress site","publisher":{"@id":"https:\/\/www.braunwagner.de\/#organization"},"potentialAction":[{"@type":"SearchAction","target":{"@type":"EntryPoint","urlTemplate":"https:\/\/www.braunwagner.de\/?s={search_term_string}"},"query-input":"required name=search_term_string"}],"inLanguage":"en-US"},{"@type":"ImageObject","@id":"https:\/\/www.braunwagner.de\/en\/projekte-volkswagen\/#primaryimage","inLanguage":"en-US","url":"https:\/\/www.braunwagner.de\/wp-content\/uploads\/2018\/08\/VW.png","contentUrl":"https:\/\/www.braunwagner.de\/wp-content\/uploads\/2018\/08\/VW.png","width":1096,"height":500,"caption":"VW"},{"@type":"WebPage","@id":"https:\/\/www.braunwagner.de\/en\/projekte-volkswagen\/#webpage","url":"https:\/\/www.braunwagner.de\/en\/projekte-volkswagen\/","name":"braunwanger &ndash; Projekte f\u00fcr Volkswagen","isPartOf":{"@id":"https:\/\/www.braunwagner.de\/#website"},"primaryImageOfPage":{"@id":"https:\/\/www.braunwagner.de\/en\/projekte-volkswagen\/#primaryimage"},"datePublished":"2022-08-02T14:20:22+00:00","dateModified":"2022-08-02T14:33:05+00:00","description":"\u00dcbersicht unserer Projekte f\u00fcr Volkswagen: GTI Treffen 2011\u20132015, Moscow International Auto Show 2010 und Motor Show Tokio 2011.","breadcrumb":{"@id":"https:\/\/www.braunwagner.de\/en\/projekte-volkswagen\/#breadcrumb"},"inLanguage":"en-US","potentialAction":[{"@type":"ReadAction","target":["https:\/\/www.braunwagner.de\/en\/projekte-volkswagen\/"]}]},{"@type":"BreadcrumbList","@id":"https:\/\/www.braunwagner.de\/en\/projekte-volkswagen\/#breadcrumb","itemListElement":[{"@type":"ListItem","position":1,"name":"Startseite","item":"https:\/\/www.braunwagner.de\/en\/"},{"@type":"ListItem","position":2,"name":"Projekte f\u00fcr Volkswagen"}]}]}},"_links":{"self":[{"href":"https:\/\/www.braunwagner.de\/en\/wp-json\/wp\/v2\/pages\/13768\/"}],"collection":[{"href":"https:\/\/www.braunwagner.de\/en\/wp-json\/wp\/v2\/pages\/"}],"about":[{"href":"https:\/\/www.braunwagner.de\/en\/wp-json\/wp\/v2\/types\/page\/"}],"author":[{"embeddable":true,"href":"https:\/\/www.braunwagner.de\/en\/wp-json\/wp\/v2\/users\/20\/"}],"replies":[{"embeddable":true,"href":"https:\/\/www.braunwagner.de\/en\/wp-json\/wp\/v2\/comments\/?post=13768"}],"version-history":[{"count":1,"href":"https:\/\/www.braunwagner.de\/en\/wp-json\/wp\/v2\/pages\/13768\/revisions\/"}],"predecessor-version":[{"id":13780,"href":"https:\/\/www.braunwagner.de\/en\/wp-json\/wp\/v2\/pages\/13768\/revisions\/13780\/"}],"wp:featuredmedia":[{"embeddable":true,"href":"https:\/\/www.braunwagner.de\/en\/wp-json\/wp\/v2\/media\/9359\/"}],"wp:attachment":[{"href":"https:\/\/www.braunwagner.de\/en\/wp-json\/wp\/v2\/media\/?parent=13768"}],"curies":[{"name":"wp","href":"https:\/\/api.w.org\/{rel}","templated":true}]}}